{"id":368,"date":"2020-10-17T01:54:47","date_gmt":"2020-10-16T22:54:47","guid":{"rendered":"http:\/\/ar-esmoda.com\/?page_id=368"},"modified":"2021-05-11T01:31:48","modified_gmt":"2021-05-10T22:31:48","slug":"misyonumuz","status":"publish","type":"page","link":"http:\/\/ar-esmoda.com\/index.php\/misyonumuz\/","title":{"rendered":"Misyonumuz"},"content":{"rendered":"\n<p><strong>ARES MODA TEKST\u0130L<\/strong><\/p>\n\n\n\n<p>Sekt\u00f6rde m\u00fc\u015fteri beklentisinin \u00f6tesinde \u00fcr\u00fcn gam\u0131 sunan \u00f6nc\u00fc bir kurulu\u015f olmak.<\/p>\n","protected":false},"excerpt":{"rendered":"<p>ARES MODA TEKST\u0130L Sekt\u00f6rde m\u00fc\u015fteri beklentisinin \u00f6tesinde \u00fcr\u00fcn gam\u0131 sunan \u00f6nc\u00fc bir kurulu\u015f olmak.<\/p>\n","protected":false},"author":1,"featured_media":0,"parent":0,"menu_order":0,"comment_status":"closed","ping_status":"closed","template":"","meta":[],"_links":{"self":[{"href":"http:\/\/ar-esmoda.com\/index.php\/wp-json\/wp\/v2\/pages\/368"}],"collection":[{"href":"http:\/\/ar-esmoda.com\/index.php\/wp-json\/wp\/v2\/pages"}],"about":[{"href":"http:\/\/ar-esmoda.com\/index.php\/wp-json\/wp\/v2\/types\/page"}],"author":[{"embeddable":true,"href":"http:\/\/ar-esmoda.com\/index.php\/wp-json\/wp\/v2\/users\/1"}],"replies":[{"embeddable":true,"href":"http:\/\/ar-esmoda.com\/index.php\/wp-json\/wp\/v2\/comments?post=368"}],"version-history":[{"count":3,"href":"http:\/\/ar-esmoda.com\/index.php\/wp-json\/wp\/v2\/pages\/368\/revisions"}],"predecessor-version":[{"id":546,"href":"http:\/\/ar-esmoda.com\/index.php\/wp-json\/wp\/v2\/pages\/368\/revisions\/546"}],"wp:attachment":[{"href":"http:\/\/ar-esmoda.com\/index.php\/wp-json\/wp\/v2\/media?parent=368"}],"curies":[{"name":"wp","href":"https:\/\/api.w.org\/{rel}","templated":true}]}}