{"id":370,"date":"2020-10-17T01:56:20","date_gmt":"2020-10-16T22:56:20","guid":{"rendered":"http:\/\/ar-esmoda.com\/?page_id=370"},"modified":"2021-05-11T01:31:25","modified_gmt":"2021-05-10T22:31:25","slug":"vizyonumuz","status":"publish","type":"page","link":"http:\/\/ar-esmoda.com\/index.php\/vizyonumuz\/","title":{"rendered":"Vizyonumuz"},"content":{"rendered":"\n<p><strong>ARES MODA TEKST\u0130L<\/strong><br><br>Teknoloji ile birlikte yeni \u00fcr\u00fcnler sunarak tasar\u0131mda fark yaratan kuma\u015flarla \u00f6ne \u00e7\u0131kan global marka olmak.<\/p>\n","protected":false},"excerpt":{"rendered":"<p>ARES MODA TEKST\u0130L Teknoloji ile birlikte yeni \u00fcr\u00fcnler sunarak tasar\u0131mda fark yaratan kuma\u015flarla \u00f6ne \u00e7\u0131kan global marka olmak.<\/p>\n","protected":false},"author":1,"featured_media":0,"parent":0,"menu_order":0,"comment_status":"closed","ping_status":"closed","template":"","meta":[],"_links":{"self":[{"href":"http:\/\/ar-esmoda.com\/index.php\/wp-json\/wp\/v2\/pages\/370"}],"collection":[{"href":"http:\/\/ar-esmoda.com\/index.php\/wp-json\/wp\/v2\/pages"}],"about":[{"href":"http:\/\/ar-esmoda.com\/index.php\/wp-json\/wp\/v2\/types\/page"}],"author":[{"embeddable":true,"href":"http:\/\/ar-esmoda.com\/index.php\/wp-json\/wp\/v2\/users\/1"}],"replies":[{"embeddable":true,"href":"http:\/\/ar-esmoda.com\/index.php\/wp-json\/wp\/v2\/comments?post=370"}],"version-history":[{"count":2,"href":"http:\/\/ar-esmoda.com\/index.php\/wp-json\/wp\/v2\/pages\/370\/revisions"}],"predecessor-version":[{"id":545,"href":"http:\/\/ar-esmoda.com\/index.php\/wp-json\/wp\/v2\/pages\/370\/revisions\/545"}],"wp:attachment":[{"href":"http:\/\/ar-esmoda.com\/index.php\/wp-json\/wp\/v2\/media?parent=370"}],"curies":[{"name":"wp","href":"https:\/\/api.w.org\/{rel}","templated":true}]}}