{"id":372,"date":"2020-10-17T01:58:49","date_gmt":"2020-10-16T22:58:49","guid":{"rendered":"http:\/\/ar-esmoda.com\/?page_id=372"},"modified":"2020-10-17T01:58:51","modified_gmt":"2020-10-16T22:58:51","slug":"politikamiz","status":"publish","type":"page","link":"http:\/\/ar-esmoda.com\/index.php\/politikamiz\/","title":{"rendered":"POL\u0130T\u0130KAMIZ"},"content":{"rendered":"\n<p><strong>ARES MODA TEKST\u0130L<\/strong><\/p>\n\n\n\n<ul><li>M\u00fc\u015fteri Memnuniyeti.<\/li><li>Kaliteli ve h\u0131zl\u0131 bir \u00fcretim mant\u0131\u011f\u0131 ile hizmet vermek.<\/li><li>Tak\u0131m ruhu ile s\u00fcrekli geli\u015fme ve s\u00fcrd\u00fcr\u00fclebilir \u00fcretim sa\u011flamak.<\/li><li>T\u00fcm kaynaklar\u0131 \u00e7evresel kirlili\u011fin \u00f6n\u00fcne ge\u00e7mek i\u00e7in verimli kullanmak.<\/li><\/ul>\n\n\n\n<p><\/p>\n","protected":false},"excerpt":{"rendered":"<p>ARES MODA TEKST\u0130L M\u00fc\u015fteri Memnuniyeti. Kaliteli ve h\u0131zl\u0131 bir \u00fcretim mant\u0131\u011f\u0131 ile hizmet vermek. Tak\u0131m ruhu ile s\u00fcrekli geli\u015fme ve s\u00fcrd\u00fcr\u00fclebilir \u00fcretim sa\u011flamak. T\u00fcm kaynaklar\u0131 \u00e7evresel kirlili\u011fin \u00f6n\u00fcne ge\u00e7mek i\u00e7in verimli kullanmak.<\/p>\n","protected":false},"author":1,"featured_media":0,"parent":0,"menu_order":0,"comment_status":"closed","ping_status":"closed","template":"","meta":[],"_links":{"self":[{"href":"http:\/\/ar-esmoda.com\/index.php\/wp-json\/wp\/v2\/pages\/372"}],"collection":[{"href":"http:\/\/ar-esmoda.com\/index.php\/wp-json\/wp\/v2\/pages"}],"about":[{"href":"http:\/\/ar-esmoda.com\/index.php\/wp-json\/wp\/v2\/types\/page"}],"author":[{"embeddable":true,"href":"http:\/\/ar-esmoda.com\/index.php\/wp-json\/wp\/v2\/users\/1"}],"replies":[{"embeddable":true,"href":"http:\/\/ar-esmoda.com\/index.php\/wp-json\/wp\/v2\/comments?post=372"}],"version-history":[{"count":1,"href":"http:\/\/ar-esmoda.com\/index.php\/wp-json\/wp\/v2\/pages\/372\/revisions"}],"predecessor-version":[{"id":373,"href":"http:\/\/ar-esmoda.com\/index.php\/wp-json\/wp\/v2\/pages\/372\/revisions\/373"}],"wp:attachment":[{"href":"http:\/\/ar-esmoda.com\/index.php\/wp-json\/wp\/v2\/media?parent=372"}],"curies":[{"name":"wp","href":"https:\/\/api.w.org\/{rel}","templated":true}]}}